{"id":2,"date":"2021-02-12T10:59:41","date_gmt":"2021-02-12T10:59:41","guid":{"rendered":"https:\/\/enricnavarro.es\/cursos\/?page_id=2"},"modified":"2022-09-08T20:21:50","modified_gmt":"2022-09-08T18:21:50","slug":"sample-page","status":"publish","type":"page","link":"https:\/\/enricnavarro.es\/cursos\/","title":{"rendered":"Bienvenidos"},"content":{"rendered":"\n<p>Soy Enric Navarro, docente en autoprotecci\u00f3n y protecci\u00f3n a terceros desde el 2009. Entrenador Nacional en m\u00faltiples artes marciales, mediador en incidentes cr\u00edticos, formado en perfilaci\u00f3n criminol\u00f3gica y experto en primeros auxilios t\u00e1cticos.<\/p>\n\n\n\n<p>Mis formaciones habituales son en materias concretas como pueda ser la autoprotecci\u00f3n femenina, la violencia de g\u00e9nero, el acoso escolar, la autoprotecci\u00f3n sanitaria, operativa policial o contenci\u00f3n f\u00edsica no lesiva para centros de menores, centros de educaci\u00f3n especial o familias que tengan necesidades espec\u00edficas.<\/p>\n\n\n\n<figure class=\"wp-block-embed is-type-video is-provider-youtube wp-block-embed-youtube wp-embed-aspect-16-9 wp-has-aspect-ratio\"><div class=\"wp-block-embed__wrapper\">\n<iframe loading=\"lazy\" title=\"2016 \/\/ Telediario TVE \/\/ Campamento Anti Bullying \/\/ Enric Navarro\" width=\"790\" height=\"444\" src=\"https:\/\/www.youtube.com\/embed\/SRVWOQqCy-g?feature=oembed\" frameborder=\"0\" allow=\"accelerometer; autoplay; clipboard-write; encrypted-media; gyroscope; picture-in-picture\" allowfullscreen><\/iframe>\n<\/div><\/figure>\n\n\n\n<p>Imparto formaci\u00f3n a trav\u00e9s de seminarios y talleres abiertos al p\u00fablico general, formaci\u00f3n a empresas, y clases particulares.<\/p>\n\n\n\n<p>Adem\u00e1s en marzo 2020 me certifiqu\u00e9 como Monitor de <strong>Combate Armado<\/strong> a trav\u00e9s de la ANEC transmitiendo desde entonces mis conocimientos en la defensa contra agresiones armadas mediante un m\u00e9todo realista y de forma profesional.<\/p>\n\n\n\n<figure class=\"wp-block-embed is-type-video is-provider-vimeo wp-block-embed-vimeo\"><div class=\"wp-block-embed__wrapper\">\n<iframe loading=\"lazy\" title=\"Enric Navarro solo cuchillo\" src=\"https:\/\/player.vimeo.com\/video\/511554455?h=96ce441c49&amp;dnt=1&amp;app_id=122963\" width=\"768\" height=\"576\" frameborder=\"0\" allow=\"autoplay; fullscreen; picture-in-picture\" allowfullscreen><\/iframe>\n<\/div><\/figure>\n","protected":false},"excerpt":{"rendered":"<p>Soy Enric Navarro, docente en autoprotecci\u00f3n y protecci\u00f3n a terceros desde el 2009. Entrenador Nacional en m\u00faltiples artes marciales, mediador en incidentes cr\u00edticos, formado en perfilaci\u00f3n criminol\u00f3gica y experto en&hellip;<\/p>\n<p><a class=\"more-link\" href=\"https:\/\/enricnavarro.es\/cursos\/\" title=\"Seguir leyendo &lsquo;Bienvenidos&rsquo;\">Sigue leyendo <span class=\"meta-nav\">&rarr;<\/span><\/a><\/p>\n","protected":false},"author":1,"featured_media":0,"parent":0,"menu_order":0,"comment_status":"closed","ping_status":"closed","template":"","meta":{"footnotes":""},"_links":{"self":[{"href":"https:\/\/enricnavarro.es\/cursos\/index.php\/wp-json\/wp\/v2\/pages\/2"}],"collection":[{"href":"https:\/\/enricnavarro.es\/cursos\/index.php\/wp-json\/wp\/v2\/pages"}],"about":[{"href":"https:\/\/enricnavarro.es\/cursos\/index.php\/wp-json\/wp\/v2\/types\/page"}],"author":[{"embeddable":true,"href":"https:\/\/enricnavarro.es\/cursos\/index.php\/wp-json\/wp\/v2\/users\/1"}],"replies":[{"embeddable":true,"href":"https:\/\/enricnavarro.es\/cursos\/index.php\/wp-json\/wp\/v2\/comments?post=2"}],"version-history":[{"count":8,"href":"https:\/\/enricnavarro.es\/cursos\/index.php\/wp-json\/wp\/v2\/pages\/2\/revisions"}],"predecessor-version":[{"id":261,"href":"https:\/\/enricnavarro.es\/cursos\/index.php\/wp-json\/wp\/v2\/pages\/2\/revisions\/261"}],"wp:attachment":[{"href":"https:\/\/enricnavarro.es\/cursos\/index.php\/wp-json\/wp\/v2\/media?parent=2"}],"curies":[{"name":"wp","href":"https:\/\/api.w.org\/{rel}","templated":true}]}}