{"id":90,"date":"2021-02-13T19:16:13","date_gmt":"2021-02-13T18:16:13","guid":{"rendered":"https:\/\/enricnavarro.es\/cursos\/?page_id=90"},"modified":"2021-02-13T19:16:13","modified_gmt":"2021-02-13T18:16:13","slug":"politica-de-devoluciones","status":"publish","type":"page","link":"https:\/\/enricnavarro.es\/cursos\/index.php\/politica-de-devoluciones\/","title":{"rendered":"Pol\u00edtica de Devoluciones"},"content":{"rendered":"\n<p>En caso de que la organizaci\u00f3n del curso cancele la formaci\u00f3n te ser\u00e1 reintegrado el 100% del importe del curso.<\/p>\n\n\n\n<p>Este portal, adem\u00e1s, dispone de un plazo para devoluciones del 100% del importe del curso si la cancelaci\u00f3n se realiza 7 d\u00edas h\u00e1biles anteriores a su realizaci\u00f3n. <\/p>\n\n\n\n<p>En caso de cancelar el curso antes de las 48h previas a su realizaci\u00f3n podr\u00e1s solicitar la devoluci\u00f3n del 50% del coste del curso.<\/p>\n\n\n\n<p>Si no cancelas el curso antes de las 48h previas a su comienzo y el d\u00eda del curso no acudes no tendr\u00e1s derecho a la devoluci\u00f3n del importe.<\/p>\n","protected":false},"excerpt":{"rendered":"<p>En caso de que la organizaci\u00f3n del curso cancele la formaci\u00f3n te ser\u00e1 reintegrado el 100% del importe del curso. Este portal, adem\u00e1s, dispone de un plazo para devoluciones del&hellip;<\/p>\n<p><a class=\"more-link\" href=\"https:\/\/enricnavarro.es\/cursos\/index.php\/politica-de-devoluciones\/\" title=\"Seguir leyendo &lsquo;Pol\u00edtica de Devoluciones&rsquo;\">Sigue leyendo <span class=\"meta-nav\">&rarr;<\/span><\/a><\/p>\n","protected":false},"author":1,"featured_media":0,"parent":0,"menu_order":0,"comment_status":"closed","ping_status":"closed","template":"","meta":{"footnotes":""},"_links":{"self":[{"href":"https:\/\/enricnavarro.es\/cursos\/index.php\/wp-json\/wp\/v2\/pages\/90"}],"collection":[{"href":"https:\/\/enricnavarro.es\/cursos\/index.php\/wp-json\/wp\/v2\/pages"}],"about":[{"href":"https:\/\/enricnavarro.es\/cursos\/index.php\/wp-json\/wp\/v2\/types\/page"}],"author":[{"embeddable":true,"href":"https:\/\/enricnavarro.es\/cursos\/index.php\/wp-json\/wp\/v2\/users\/1"}],"replies":[{"embeddable":true,"href":"https:\/\/enricnavarro.es\/cursos\/index.php\/wp-json\/wp\/v2\/comments?post=90"}],"version-history":[{"count":1,"href":"https:\/\/enricnavarro.es\/cursos\/index.php\/wp-json\/wp\/v2\/pages\/90\/revisions"}],"predecessor-version":[{"id":91,"href":"https:\/\/enricnavarro.es\/cursos\/index.php\/wp-json\/wp\/v2\/pages\/90\/revisions\/91"}],"wp:attachment":[{"href":"https:\/\/enricnavarro.es\/cursos\/index.php\/wp-json\/wp\/v2\/media?parent=90"}],"curies":[{"name":"wp","href":"https:\/\/api.w.org\/{rel}","templated":true}]}}