{"id":1128,"date":"2020-03-16T15:30:44","date_gmt":"2020-03-16T15:30:44","guid":{"rendered":"https:\/\/enricnavarro.es\/enric_navarro\/?page_id=1128"},"modified":"2020-03-16T15:33:35","modified_gmt":"2020-03-16T15:33:35","slug":"tipos-de-agresion","status":"publish","type":"page","link":"https:\/\/enricnavarro.es\/enric_navarro\/tipos-de-agresion\/","title":{"rendered":"Tipos de Agresi\u00f3n"},"content":{"rendered":"<p style=\"text-align: justify;\"><span style=\"color: #000000;\">Se considera agresi\u00f3n todo aquello capaz de hacer da\u00f1o bien sea de manera intencionada o sin intenci\u00f3n, un fen\u00f3meno meteorol\u00f3gico que erosiona una monta\u00f1a puede considerarse un sujeto agresor.<\/span><\/p>\n<p style=\"text-align: justify;\"><span style=\"color: #000000;\">Dependiendo del contexto en el que nos movamos nos encontraremos con tipos de agresi\u00f3n posibles, m\u00e1s dif\u00edciles de encontrar en otros contextos, y echaremos en falta algunos tipos de agresi\u00f3n que no suelen darse en el contexto analizado.<\/span><\/p>\n<p style=\"text-align: justify;\"><span style=\"color: #000000;\">Por ejemplo entre violencia de g\u00e9nero y Acoso escolar podemos distinguir que en violencia de g\u00e9nero se considera agresi\u00f3n econ\u00f3mica cuando el agresor tiene un control total sobre los recursos econ\u00f3micos de la v\u00edctima lo cual influye directamente en sus posibilidades de huir (transportarse a otro lugar, dormir, comer, mantener a los hijos si se los lleva alejado del agresor, etc), y sin embargo en un contexto de acoso escolar suceden.<\/span><\/p>\n<p style=\"text-align: justify;\"><span style=\"color: #000000;\">Cuando hablamos de Bullying podemos distinguir los siguientes tipos de agresi\u00f3n:<\/span><\/p>\n<p style=\"text-align: justify;\"><span style=\"color: #000000;\"><span style=\"text-decoration: underline;\"><strong>Verbal<\/strong>:<\/span> Consiste en ofender mediante insultos intencionadamente a la persona acosada. Muchas veces con comentarios despectivos relativos al cuerpo, o a factores familiares, econ\u00f3micos, sociales o religiosos. Cosas que en la mayor\u00eda de los casos no dependen del menor y este no ha elegido.<\/span><\/p>\n<p style=\"text-align: center;\"><iframe loading=\"lazy\" src=\"https:\/\/player.vimeo.com\/video\/251774443\" width=\"640\" height=\"480\" frameborder=\"0\" allowfullscreen=\"allowfullscreen\"><\/iframe><\/p>\n<p style=\"text-align: justify;\"><span style=\"color: #000000;\"><span style=\"text-decoration: underline;\"><strong>Exclusivo-social:<\/strong><\/span> Consiste en aislar a la v\u00edctima de manera sistem\u00e1tica a un menor no dej\u00e1ndola participar en los juegos, no queri\u00e9ndole a la hora de formar equipos, no invit\u00e1ndole al cumplea\u00f1os, no acudiendo a su cumplea\u00f1os, etc.<\/span><\/p>\n<p style=\"text-align: center;\"><iframe loading=\"lazy\" src=\"https:\/\/www.youtube.com\/embed\/v9bQdizC_7o\" width=\"560\" height=\"315\" frameborder=\"0\" allowfullscreen=\"allowfullscreen\"><\/iframe><\/p>\n<p><span style=\"color: #000000;\">Somos animales de manada y necesitamos grupo para subsistir. Que un menor se sienta solo lleva en muchas ocasiones a la depresi\u00f3n incluso algunas veces al suicidio.<\/span><\/p>\n<p style=\"text-align: center;\"><iframe loading=\"lazy\" src=\"https:\/\/player.vimeo.com\/video\/251774193\" width=\"640\" height=\"360\" frameborder=\"0\" allowfullscreen=\"allowfullscreen\"><\/iframe><\/p>\n<p style=\"text-align: justify;\"><span style=\"color: #000000;\"><span style=\"text-decoration: underline;\"><strong>Psicol\u00f3gico:<\/strong><\/span> en este tipo de agresi\u00f3n tenemos a menores que por querer &#8220;tener amigos&#8221; y sentirse incluidos en un grupo son capaces de hacer todo lo que les sugieran los l\u00edderes de dicho grupo. El menor se convierte en el sirviente o criado del grupo siendo quien realiza todo lo que el grupo le ordena, incluso hechos que van contra su propia moral. En ocasiones esto sucede bajo chantaje o amenaza de que o lo hace o contar\u00e1n (incluso cosas que le han obligado a hacer previamente), o lo hace o le har\u00e1n o luego ser\u00e1 peor. El menor por miedo a un castigo que en su mente es mayor que el que le producir\u00e1n sus compa\u00f1eros cede, y al ceder sus acosadores ya tienen una herramienta m\u00e1s para seguir utiliz\u00e1ndole. A veces aceptan castigos por parte del GANG simplemente por miedo a defraudar a sus padres.<\/span><\/p>\n<p style=\"text-align: center;\"><iframe loading=\"lazy\" src=\"https:\/\/player.vimeo.com\/video\/251774297\" width=\"640\" height=\"360\" frameborder=\"0\" allowfullscreen=\"allowfullscreen\"><\/iframe><\/p>\n<p style=\"text-align: justify;\"><span style=\"color: #000000;\"><span style=\"text-decoration: underline;\"><strong>F\u00edsico:<\/strong><\/span> Consiste en golpear deliberadamente al menor acosado tanto de formas sutiles (zancadillas, collejas, etc) como propinarle verdaderas palizas por pura diversi\u00f3n.<\/span><\/p>\n<p style=\"text-align: center;\"><iframe loading=\"lazy\" src=\"https:\/\/player.vimeo.com\/video\/251774436\" width=\"640\" height=\"360\" frameborder=\"0\" allowfullscreen=\"allowfullscreen\"><\/iframe><\/p>\n<p style=\"text-align: justify;\"><span style=\"color: #000000;\"><span style=\"text-decoration: underline;\"><strong>Sexual:<\/strong><\/span> Las agresiones sexuales van desde verbalizaci\u00f3n de los atributos de la persona agredida (picha-corta; culo gordo; fe@, etc) hasta tocamientos no autorizados, acabando por violaciones con penetraci\u00f3n f\u00edsica o con objetos. En caso de que sea verbal la trataremos como una agresi\u00f3n verbal y en caso de que sea f\u00edsica la trataremos como una agresi\u00f3n f\u00edsica.<\/span><\/p>\n<p style=\"text-align: center;\"><iframe loading=\"lazy\" src=\"https:\/\/player.vimeo.com\/video\/251774130\" width=\"640\" height=\"360\" frameborder=\"0\" allowfullscreen=\"allowfullscreen\"><\/iframe><\/p>\n<p style=\"text-align: justify;\"><span style=\"color: #000000;\"><span style=\"text-decoration: underline;\"><strong>Cybern\u00e9tico:<\/strong><\/span> Re\u00fane todos los tipos anteriores pero a trav\u00e9s de la pantalla, mediante grabaciones de tel\u00e9fono m\u00f3vil que son distribuidas en las redes, desde v\u00eddeos insultando a alguien o insultos directos a trav\u00e9s de redes de mensajer\u00eda m\u00f3vil, v\u00eddeos de alguien a solas llorando, usar v\u00eddeos como chantaje para conseguir que alguien haga lo que le pedimos, o amenazas por whatsapp y otras redes de mensajer\u00eda, v\u00eddeos por debajo de las faldas, o de la raja del culo ante un pantal\u00f3n ca\u00eddo, incluso de c\u00f3mo se toca sin permiso a alguien con el objetivo de luego reirse, y acabando por grabaciones de golpes y palizas.<\/span><\/p>\n<p style=\"text-align: center;\"><iframe loading=\"lazy\" src=\"https:\/\/player.vimeo.com\/video\/251774281\" width=\"640\" height=\"480\" frameborder=\"0\" allowfullscreen=\"allowfullscreen\"><\/iframe><\/p>\n<p>Dentro de las agresiones cybern\u00e9ticas, distinguimos adem\u00e1s dos subtipos:<\/p>\n<p style=\"text-align: justify;\"><span style=\"color: #000000;\"><span style=\"text-decoration: underline;\">Grooming:<\/span> o cuando un adulto se hace pasar por un menor, muchas veces para conseguir sexo o una forma de quedar presencialmente para realizar un secuestro.<\/span><\/p>\n<p style=\"text-align: center;\"><iframe loading=\"lazy\" src=\"https:\/\/player.vimeo.com\/video\/252672360\" width=\"640\" height=\"480\" frameborder=\"0\" allowfullscreen=\"allowfullscreen\"><\/iframe><br \/>\n<iframe loading=\"lazy\" src=\"https:\/\/player.vimeo.com\/video\/252672406\" width=\"640\" height=\"480\" frameborder=\"0\" allowfullscreen=\"allowfullscreen\"><\/iframe><\/p>\n<p style=\"text-align: justify;\"><span style=\"color: #000000;\"><span style=\"text-decoration: underline;\">Sexting:<\/span> o cuando un menor muestra su cuerpo en las redes mediante fotos o v\u00eddeos las cuales luego son usadas para hacer chantaje a \u00e9l o ella y sus familias.<\/span><\/p>\n<p style=\"text-align: center;\"><iframe loading=\"lazy\" src=\"https:\/\/player.vimeo.com\/video\/252672420\" width=\"640\" height=\"512\" frameborder=\"0\" allowfullscreen=\"allowfullscreen\"><\/iframe><\/p>\n","protected":false},"excerpt":{"rendered":"<p>Se considera agresi\u00f3n todo aquello capaz de hacer da\u00f1o bien sea de manera intencionada o sin intenci\u00f3n, un fen\u00f3meno meteorol\u00f3gico que erosiona una monta\u00f1a puede considerarse un sujeto agresor. Dependiendo del contexto en el que nos movamos nos encontraremos con tipos de agresi\u00f3n posibles, m\u00e1s dif\u00edciles de encontrar en otros contextos, y echaremos en falta algunos tipos de agresi\u00f3n que no suelen darse en el contexto analizado. Por ejemplo entre violencia de g\u00e9nero y Acoso escolar podemos distinguir que en violencia de g\u00e9nero se considera agresi\u00f3n econ\u00f3mica cuando el agresor tiene un control total sobre los recursos econ\u00f3micos de la v\u00edctima lo cual influye directamente en sus posibilidades de huir [&hellip;]<\/p>\n","protected":false},"author":8,"featured_media":0,"parent":0,"menu_order":0,"comment_status":"closed","ping_status":"closed","template":"","meta":{"_exactmetrics_skip_tracking":false,"_exactmetrics_sitenote_active":false,"_exactmetrics_sitenote_note":"","_exactmetrics_sitenote_category":0,"footnotes":""},"class_list":["post-1128","page","type-page","status-publish","hentry"],"aioseo_notices":[],"_links":{"self":[{"href":"https:\/\/enricnavarro.es\/enric_navarro\/wp-json\/wp\/v2\/pages\/1128","targetHints":{"allow":["GET"]}}],"collection":[{"href":"https:\/\/enricnavarro.es\/enric_navarro\/wp-json\/wp\/v2\/pages"}],"about":[{"href":"https:\/\/enricnavarro.es\/enric_navarro\/wp-json\/wp\/v2\/types\/page"}],"author":[{"embeddable":true,"href":"https:\/\/enricnavarro.es\/enric_navarro\/wp-json\/wp\/v2\/users\/8"}],"replies":[{"embeddable":true,"href":"https:\/\/enricnavarro.es\/enric_navarro\/wp-json\/wp\/v2\/comments?post=1128"}],"version-history":[{"count":1,"href":"https:\/\/enricnavarro.es\/enric_navarro\/wp-json\/wp\/v2\/pages\/1128\/revisions"}],"predecessor-version":[{"id":1129,"href":"https:\/\/enricnavarro.es\/enric_navarro\/wp-json\/wp\/v2\/pages\/1128\/revisions\/1129"}],"wp:attachment":[{"href":"https:\/\/enricnavarro.es\/enric_navarro\/wp-json\/wp\/v2\/media?parent=1128"}],"curies":[{"name":"wp","href":"https:\/\/api.w.org\/{rel}","templated":true}]}}