{"id":1343,"date":"2021-11-05T12:15:45","date_gmt":"2021-11-05T12:15:45","guid":{"rendered":"https:\/\/enricnavarro.es\/enric_navarro\/?page_id=1343"},"modified":"2021-11-05T12:23:34","modified_gmt":"2021-11-05T12:23:34","slug":"formacion-especifica-para-entidades-y-colectivos","status":"publish","type":"page","link":"https:\/\/enricnavarro.es\/enric_navarro\/formacion-especifica-para-entidades-y-colectivos\/","title":{"rendered":"Formaci\u00f3n Espec\u00edfica para Entidades y Colectivos"},"content":{"rendered":"<p>Desde hace a\u00f1os imparto formaci\u00f3n para diversas entidades, empresas y colectivos tanto civiles como el \u00e1mbito de la seguridad p\u00fablica.<\/p>\n<p><a href=\"https:\/\/enricnavarro.es\/enric_navarro\/wp-content\/uploads\/2021\/11\/image-1.png\"><img fetchpriority=\"high\" decoding=\"async\" class=\"size-large wp-image-1345 aligncenter\" src=\"https:\/\/enricnavarro.es\/enric_navarro\/wp-content\/uploads\/2021\/11\/image-1-1024x576.png\" alt=\"\" width=\"1024\" height=\"576\" srcset=\"https:\/\/enricnavarro.es\/enric_navarro\/wp-content\/uploads\/2021\/11\/image-1-1024x576.png 1024w, https:\/\/enricnavarro.es\/enric_navarro\/wp-content\/uploads\/2021\/11\/image-1-600x338.png 600w, https:\/\/enricnavarro.es\/enric_navarro\/wp-content\/uploads\/2021\/11\/image-1-300x169.png 300w, https:\/\/enricnavarro.es\/enric_navarro\/wp-content\/uploads\/2021\/11\/image-1-768x432.png 768w, https:\/\/enricnavarro.es\/enric_navarro\/wp-content\/uploads\/2021\/11\/image-1-920x518.png 920w, https:\/\/enricnavarro.es\/enric_navarro\/wp-content\/uploads\/2021\/11\/image-1-230x129.png 230w, https:\/\/enricnavarro.es\/enric_navarro\/wp-content\/uploads\/2021\/11\/image-1-350x197.png 350w, https:\/\/enricnavarro.es\/enric_navarro\/wp-content\/uploads\/2021\/11\/image-1-480x270.png 480w, https:\/\/enricnavarro.es\/enric_navarro\/wp-content\/uploads\/2021\/11\/image-1.png 1280w\" sizes=\"(max-width: 1024px) 100vw, 1024px\" \/><\/a><\/p>\n<p>Resolver conflictos antes de que escalen a mayores, prestar una buena atenci\u00f3n al ciudadano, o mejorar la convivencia entre iguales en centros educativos, son algunas de las \u00e1reas que trabajo regularmente.<\/p>\n<p>Algunas entidades a las que he prestado servicio son educadores de centros de menores, asociaciones de mujeres v\u00edctimas de violencia de g\u00e9nero, mutuas de salud privadas, centros educativos p\u00fablicos y privados, empresas de seguridad privadas, academias de formaci\u00f3n, empresas de emergencias extra-hospitalarias, Hospitales, call-centers, entidades bancarias, aerol\u00edneas, etc etc.<\/p>\n\n\n<figure class=\"wp-block-embed is-type-video is-provider-youtube wp-block-embed-youtube wp-embed-aspect-16-9 wp-has-aspect-ratio\"><div class=\"wp-block-embed__wrapper\">\n<iframe title=\"2016 \/\/ Telediario TVE \/\/ Campamento Anti Bullying \/\/ Enric Navarro\" width=\"500\" height=\"281\" src=\"https:\/\/www.youtube.com\/embed\/SRVWOQqCy-g?feature=oembed\" frameborder=\"0\" allow=\"accelerometer; autoplay; clipboard-write; encrypted-media; gyroscope; picture-in-picture; web-share\" referrerpolicy=\"strict-origin-when-cross-origin\" allowfullscreen><\/iframe>\n<\/div><\/figure>\n\n\n\n<p>Puedes solicitarme una formaci\u00f3n espec\u00edfica en autoprotecci\u00f3n, resoluci\u00f3n de conflictos, o intervenci\u00f3n situaciones de riesgo y estar\u00e9 encantado de comentar el proyecto y llevarlo a cabo.<\/p>\n","protected":false},"excerpt":{"rendered":"<p>Desde hace a\u00f1os imparto formaci\u00f3n para diversas entidades, empresas y colectivos tanto civiles como el \u00e1mbito de la seguridad p\u00fablica. Resolver conflictos antes de que escalen a mayores, prestar una buena atenci\u00f3n al ciudadano, o mejorar la convivencia entre iguales en centros educativos, son algunas de las \u00e1reas que trabajo regularmente. Algunas entidades a las que he prestado servicio son educadores de centros de menores, asociaciones de mujeres v\u00edctimas de violencia de g\u00e9nero, mutuas de salud privadas, centros educativos p\u00fablicos y privados, empresas de seguridad privadas, academias de formaci\u00f3n, empresas de emergencias extra-hospitalarias, Hospitales, call-centers, entidades bancarias, aerol\u00edneas, etc etc. Puedes solicitarme una formaci\u00f3n espec\u00edfica en autoprotecci\u00f3n, resoluci\u00f3n de conflictos, [&hellip;]<\/p>\n","protected":false},"author":8,"featured_media":0,"parent":0,"menu_order":0,"comment_status":"closed","ping_status":"closed","template":"page-templates\/page_fullwidth.php","meta":{"footnotes":""},"class_list":["post-1343","page","type-page","status-publish","hentry"],"_links":{"self":[{"href":"https:\/\/enricnavarro.es\/enric_navarro\/wp-json\/wp\/v2\/pages\/1343","targetHints":{"allow":["GET"]}}],"collection":[{"href":"https:\/\/enricnavarro.es\/enric_navarro\/wp-json\/wp\/v2\/pages"}],"about":[{"href":"https:\/\/enricnavarro.es\/enric_navarro\/wp-json\/wp\/v2\/types\/page"}],"author":[{"embeddable":true,"href":"https:\/\/enricnavarro.es\/enric_navarro\/wp-json\/wp\/v2\/users\/8"}],"replies":[{"embeddable":true,"href":"https:\/\/enricnavarro.es\/enric_navarro\/wp-json\/wp\/v2\/comments?post=1343"}],"version-history":[{"count":4,"href":"https:\/\/enricnavarro.es\/enric_navarro\/wp-json\/wp\/v2\/pages\/1343\/revisions"}],"predecessor-version":[{"id":1352,"href":"https:\/\/enricnavarro.es\/enric_navarro\/wp-json\/wp\/v2\/pages\/1343\/revisions\/1352"}],"wp:attachment":[{"href":"https:\/\/enricnavarro.es\/enric_navarro\/wp-json\/wp\/v2\/media?parent=1343"}],"curies":[{"name":"wp","href":"https:\/\/api.w.org\/{rel}","templated":true}]}}