{"id":471,"date":"2016-07-17T21:02:14","date_gmt":"2016-07-17T21:02:14","guid":{"rendered":"http:\/\/enricnavarro.es\/enric_navarro\/?page_id=471"},"modified":"2016-07-17T21:16:12","modified_gmt":"2016-07-17T21:16:12","slug":"conferencias","status":"publish","type":"page","link":"https:\/\/enricnavarro.es\/enric_navarro\/conferencias\/","title":{"rendered":"Conferencias"},"content":{"rendered":"<p>Dejo aqu\u00ed algunas pocas de las conferencias que imparto habitualmente en distintos \u00e1mbitos.<br \/>\n<center><\/p>\n<table>\n<tbody>\n<tr>\n<td>Congreso Nacional de Seguridad P\u00fablica. Universidad Complutense de Madrid.<br \/>\nPonencia Procesos de Agresi\u00f3n<\/td>\n<\/tr>\n<tr>\n<td><center><iframe src=\"https:\/\/www.youtube.com\/embed\/eyVLtSUft3s?rel=0\" width=\"640\" height=\"360\" frameborder=\"0\" allowfullscreen=\"allowfullscreen\"><\/iframe><\/center><center><\/center><center><\/center><\/td>\n<\/tr>\n<tr>\n<td><\/br><br \/>\nEsquemas de Agresion en situaciones de violencia de g\u00e9nero<br \/>\nColegio Oficial de Psic\u00f3logos de Madrid<\/td>\n<\/tr>\n<tr>\n<td><center><iframe src=\"https:\/\/www.youtube.com\/embed\/-f_XanKBfsc?rel=0\" width=\"640\" height=\"360\" frameborder=\"0\" allowfullscreen=\"allowfullscreen\"><\/iframe><\/center><\/td>\n<\/tr>\n<tr>\n<td><\/br><br \/>\nEl Bullying. Tipos, indicativos, y formas de combatirlo<br \/>\nCiclo de conferencias con motivo del 20N D\u00eda internacional contra la violencia hacia el menor.<br \/>\nAlzira (Valencia)<\/td>\n<\/tr>\n<tr>\n<td>\n<p style=\"text-align: center;\"><iframe src=\"https:\/\/player.vimeo.com\/video\/152708931\" width=\"640\" height=\"360\" frameborder=\"0\" allowfullscreen=\"allowfullscreen\"><\/iframe><\/p>\n<\/td>\n<\/tr>\n<tr>\n<td><\/br><br \/>\nConferencia On Line para Profesionales de la Salud y vigilantes de centros sanitarios<br \/>\ncon motivo del 20M. D\u00eda Internacional contra la Violencia a los Profesionales Sanitarios.<\/td>\n<\/tr>\n<tr>\n<td>\n<p style=\"text-align: center;\"><iframe src=\"https:\/\/player.vimeo.com\/video\/162654377\" width=\"640\" height=\"360\" frameborder=\"0\" allowfullscreen=\"allowfullscreen\"><\/iframe><\/p>\n<\/td>\n<\/tr>\n<\/tbody>\n<\/table>\n<p><\/center><\/p>\n","protected":false},"excerpt":{"rendered":"<p>Dejo aqu\u00ed algunas pocas de las conferencias que imparto habitualmente en distintos \u00e1mbitos. Congreso Nacional de Seguridad P\u00fablica. Universidad Complutense de Madrid. Ponencia Procesos de Agresi\u00f3n Esquemas de Agresion en situaciones de violencia de g\u00e9nero Colegio Oficial de Psic\u00f3logos de Madrid El Bullying. Tipos, indicativos, y formas de combatirlo Ciclo de conferencias con motivo del 20N D\u00eda internacional contra la violencia hacia el menor. Alzira (Valencia) Conferencia On Line para Profesionales de la Salud y vigilantes de centros sanitarios con motivo del 20M. D\u00eda Internacional contra la Violencia a los Profesionales Sanitarios.<\/p>\n","protected":false},"author":1,"featured_media":0,"parent":0,"menu_order":0,"comment_status":"closed","ping_status":"closed","template":"","meta":{"footnotes":""},"class_list":["post-471","page","type-page","status-publish","hentry"],"_links":{"self":[{"href":"https:\/\/enricnavarro.es\/enric_navarro\/wp-json\/wp\/v2\/pages\/471","targetHints":{"allow":["GET"]}}],"collection":[{"href":"https:\/\/enricnavarro.es\/enric_navarro\/wp-json\/wp\/v2\/pages"}],"about":[{"href":"https:\/\/enricnavarro.es\/enric_navarro\/wp-json\/wp\/v2\/types\/page"}],"author":[{"embeddable":true,"href":"https:\/\/enricnavarro.es\/enric_navarro\/wp-json\/wp\/v2\/users\/1"}],"replies":[{"embeddable":true,"href":"https:\/\/enricnavarro.es\/enric_navarro\/wp-json\/wp\/v2\/comments?post=471"}],"version-history":[{"count":14,"href":"https:\/\/enricnavarro.es\/enric_navarro\/wp-json\/wp\/v2\/pages\/471\/revisions"}],"predecessor-version":[{"id":486,"href":"https:\/\/enricnavarro.es\/enric_navarro\/wp-json\/wp\/v2\/pages\/471\/revisions\/486"}],"wp:attachment":[{"href":"https:\/\/enricnavarro.es\/enric_navarro\/wp-json\/wp\/v2\/media?parent=471"}],"curies":[{"name":"wp","href":"https:\/\/api.w.org\/{rel}","templated":true}]}}