{"id":8,"date":"2014-03-12T09:45:08","date_gmt":"2014-03-12T09:45:08","guid":{"rendered":"http:\/\/enricnavarro.es\/enric_navarro\/?page_id=8"},"modified":"2014-06-25T11:19:24","modified_gmt":"2014-06-25T11:19:24","slug":"presentacion","status":"publish","type":"page","link":"https:\/\/enricnavarro.es\/enric_navarro\/presentacion\/","title":{"rendered":"Presentaci\u00f3n"},"content":{"rendered":"<p><a href=\"https:\/\/web.archive.org\/web\/20130607155253im_\/http:\/\/3.bp.blogspot.com\/_UDFsuWrEybY\/S_CGZ9vxt5I\/AAAAAAAAAu8\/NCIoIIdjfk4\/s400\/Agitarantesdeusar-LaOpinion_000.jpg\" target=\"_blank\"><img decoding=\"async\" class=\"alignleft\" style=\"margin: 10px;\" src=\"https:\/\/web.archive.org\/web\/20130607155253im_\/http:\/\/3.bp.blogspot.com\/_UDFsuWrEybY\/S_CGZ9vxt5I\/AAAAAAAAAu8\/NCIoIIdjfk4\/s400\/Agitarantesdeusar-LaOpinion_000.jpg\" alt=\"\" width=\"100\" height=\"72\" \/><\/a>Cada d\u00eda hay m\u00e1s gente que entra a comprar enfurecida, que reclama a gritos por cualquier motivo, que se enfrentan directamente a los profesionales sanitarios, y estad\u00edsticamente las agresiones a empleados, dependientes y profesionales de cara al p\u00fablico son mayores en casi todos los sectores laborales.<\/p>\n<p>Saber identificar situaciones potencialmente de riesgo antes de que se produzcan, y controlarlas mediante estrategias sencillas, aporta una mayor confianza en el profesional, que incrementa sus ventas, la atenci\u00f3n al paciente, y la seguridad en la propia empresa.<\/p>\n<p>Soy Enric Navarro, t\u00e9cnico en autoprotecci\u00f3n y consultor para empresas y grandes organismos en materia de seguridad.<\/p>\n<p>Tras m\u00e1s de media vida dedicado a las artes marciales, decid\u00ed llevar a cabo un estudio sobre las agresiones, descubriendo en m\u00e1s de 5.000 v\u00eddeos de agresiones reales y m\u00e1s de 800 entrevistas a personas agredidas, que en una agresi\u00f3n interven\u00edan dos factores clave:<\/p>\n<p>&#8211; Los objetivos del agresor:<\/p>\n<p>robar, violar, matar, secuestrar, etc<\/p>\n<p>&#8211; Las caracter\u00edsticas psicol\u00f3gicas del agresor:<\/p>\n<p>psic\u00f3pata, soci\u00f3pata, psic\u00f3tico, neur\u00f3tico, depresivo, o mentalidad normal que comete una agresi\u00f3n por necesidad<\/p>\n<p><span style=\"color: #ffffff;\">.<\/span><\/p>\n<p>Una vez somos conscientes de que estamos en un entorno de peligro mediante la visualizaci\u00f3n de unos indicativos concretos que ense\u00f1o en mis cursos, y conocemos los tiempos de reacci\u00f3n y los objetivos a conseguir en cada tiempo, nos enfrentamos a las fases de la agresi\u00f3n.<\/p>\n<p>En cada tipo de agresi\u00f3n dependiendo de los objetivos del agresor, hay ciertas cosas que suceden SIEMPRE, en el MISMO ORDEN, y con una DURACI\u00d3N apr\u00f3ximada.<\/p>\n<p>Lo que ense\u00f1o en mis cursos es a saber identificar a qu\u00e9 nos enfrentamos, dotando a los alumnos de herramientas y mecanismos de huida, o de contenci\u00f3n f\u00edsica no lesiva, para el sospechoso (caso policial), paciente (caso sanitario), o cliente (caso laboral).<\/p>\n","protected":false},"excerpt":{"rendered":"<p>Cada d\u00eda hay m\u00e1s gente que entra a comprar enfurecida, que reclama a gritos por cualquier motivo, que se enfrentan directamente a los profesionales sanitarios, y estad\u00edsticamente las agresiones a empleados, dependientes y profesionales de cara al p\u00fablico son mayores en casi todos los sectores laborales. Saber identificar situaciones potencialmente de riesgo antes de que se produzcan, y controlarlas mediante estrategias sencillas, aporta una mayor confianza en el profesional, que incrementa sus ventas, la atenci\u00f3n al paciente, y la seguridad en la propia empresa. Soy Enric Navarro, t\u00e9cnico en autoprotecci\u00f3n y consultor para empresas y grandes organismos en materia de seguridad. Tras m\u00e1s de media vida dedicado a las artes [&hellip;]<\/p>\n","protected":false},"author":1,"featured_media":0,"parent":0,"menu_order":0,"comment_status":"closed","ping_status":"closed","template":"","meta":{"footnotes":""},"class_list":["post-8","page","type-page","status-publish","hentry"],"_links":{"self":[{"href":"https:\/\/enricnavarro.es\/enric_navarro\/wp-json\/wp\/v2\/pages\/8","targetHints":{"allow":["GET"]}}],"collection":[{"href":"https:\/\/enricnavarro.es\/enric_navarro\/wp-json\/wp\/v2\/pages"}],"about":[{"href":"https:\/\/enricnavarro.es\/enric_navarro\/wp-json\/wp\/v2\/types\/page"}],"author":[{"embeddable":true,"href":"https:\/\/enricnavarro.es\/enric_navarro\/wp-json\/wp\/v2\/users\/1"}],"replies":[{"embeddable":true,"href":"https:\/\/enricnavarro.es\/enric_navarro\/wp-json\/wp\/v2\/comments?post=8"}],"version-history":[{"count":6,"href":"https:\/\/enricnavarro.es\/enric_navarro\/wp-json\/wp\/v2\/pages\/8\/revisions"}],"predecessor-version":[{"id":125,"href":"https:\/\/enricnavarro.es\/enric_navarro\/wp-json\/wp\/v2\/pages\/8\/revisions\/125"}],"wp:attachment":[{"href":"https:\/\/enricnavarro.es\/enric_navarro\/wp-json\/wp\/v2\/media?parent=8"}],"curies":[{"name":"wp","href":"https:\/\/api.w.org\/{rel}","templated":true}]}}