{"id":86,"date":"2014-03-12T11:05:39","date_gmt":"2014-03-12T11:05:39","guid":{"rendered":"http:\/\/enricnavarro.es\/enric_navarro\/?page_id=86"},"modified":"2014-03-12T11:05:39","modified_gmt":"2014-03-12T11:05:39","slug":"autoproteccion-policial","status":"publish","type":"page","link":"https:\/\/enricnavarro.es\/enric_navarro\/cursos-autoproteccion\/autoproteccion-policial\/","title":{"rendered":"Autoprotecci\u00f3n Policial"},"content":{"rendered":"<p>El curso propone un entrenamiento en los diferentes campos de trabajo defensivo operativo policial, d\u00f3nde se propondr\u00e1n RETOS con el objetivo de que el alumno sienta su realidad y una vez la conozca, desarrolle sus t\u00e9cnicas y t\u00e1cticas policiales para llevar a cabo una mejor intervenci\u00f3n.<\/p>\n<p>Teniendo en cuenta el nivel de riesgo que supone una mala Formaci\u00f3n Policial, no se instruir\u00e1 en nada que no se ajuste a la realidad policial, esto conlleva descartar una serie de t\u00e1cticas, t\u00e9cnicas, y movimientos obsoletos que no encajan con una formaci\u00f3n que plantea como primer objetivo sobrevivir, sabiendo que para Proteger al ciudadano lo primero es protegerse a s\u00ed mismo.<\/p>\n<p>&nbsp;<\/p>\n<p><b>Propuesta Formativa<\/b><\/p>\n<p>Dentro de la propuesta Formativa se desarrollaran talleres espec\u00edficos de diferentes \u00e1reas con una duraci\u00f3n de 4 horas por taller.<\/p>\n<p>&nbsp;<\/p>\n<p><b>Contenidos<\/b><\/p>\n<p>&nbsp;<\/p>\n<p>Entre los contenidos que se trabajar\u00e1n en los talleres espec\u00edficos se encuentran:<\/p>\n<p>&nbsp;<\/p>\n<p>&#8211;\u00a0\u00a0\u00a0\u00a0\u00a0\u00a0\u00a0\u00a0\u00a0 Reacciones PsicoFisiol\u00f3gicas bajo estr\u00e9s<\/p>\n<p>&#8211;\u00a0\u00a0\u00a0\u00a0\u00a0\u00a0\u00a0\u00a0\u00a0 An\u00e1lisis de diferentes tipos de agresiones y sus fases para llevar a cabo intervenciones COP (Congruentes, Oportunas y Proporcionales)<\/p>\n<p>&#8211;\u00a0\u00a0\u00a0\u00a0\u00a0\u00a0\u00a0\u00a0\u00a0 Elementos b\u00e1sicos de la intervenci\u00f3n policial<\/p>\n<p>&#8211;\u00a0\u00a0\u00a0\u00a0\u00a0\u00a0\u00a0\u00a0\u00a0 T\u00e1cticas defensivas ante agresiones a agentes de la autoridad<\/p>\n<p>&#8211;\u00a0\u00a0\u00a0\u00a0\u00a0\u00a0\u00a0\u00a0\u00a0 Intervenciones policiales frente a situaciones con arma de fuego<\/p>\n<p>&#8211;\u00a0\u00a0\u00a0\u00a0\u00a0\u00a0\u00a0\u00a0\u00a0 Desactivaci\u00f3n verbal, mecanismos de negociaci\u00f3n y mediaci\u00f3n<\/p>\n<p>&#8211;\u00a0\u00a0\u00a0\u00a0\u00a0\u00a0\u00a0\u00a0\u00a0 Contenci\u00f3n, Control, Detenci\u00f3n y Traslado de sospechosos<\/p>\n<p>&#8211;\u00a0\u00a0\u00a0\u00a0\u00a0\u00a0\u00a0\u00a0\u00a0 Retenci\u00f3n y Protecci\u00f3n del arma propia<\/p>\n<p>&#8211;\u00a0\u00a0\u00a0\u00a0\u00a0\u00a0\u00a0\u00a0\u00a0 Trabajo en Resistencias Pasivas &amp; Activas<\/p>\n<p>&#8211;\u00a0\u00a0\u00a0\u00a0\u00a0\u00a0\u00a0\u00a0\u00a0 Talleres de Tiro Din\u00e1mico Policial con las debidas traslaciones a otros bloques de trabajo (con r\u00e9plicas de airsoft del arma de dotaci\u00f3n que lleven los agentes)<\/p>\n<p>&#8211;\u00a0\u00a0\u00a0\u00a0\u00a0\u00a0\u00a0\u00a0\u00a0 Pr\u00e1ctica y simulaci\u00f3n de enfrentamientos armados<\/p>\n<p>&#8211;\u00a0\u00a0\u00a0\u00a0\u00a0\u00a0\u00a0\u00a0\u00a0 Autoprotecci\u00f3n personal<\/p>\n<p>&#8211;\u00a0\u00a0\u00a0\u00a0\u00a0\u00a0\u00a0\u00a0\u00a0 Protecci\u00f3n de personas y personalidades<\/p>\n<p>&#8211;\u00a0\u00a0\u00a0\u00a0\u00a0\u00a0\u00a0\u00a0\u00a0 Trabajo en inmuebles<\/p>\n<p>&#8211; \u00a0 \u00a0 \u00a0 \u00a0 \u00a0Mecanismos de trabajo f\u00edsico espec\u00edfico adaptado al m\u00e9todo policial (Entrenamiento Funcional)<\/p>\n<div>Todos los Cursos incluyen Diploma con certificado de asistencia con n\u00famero de horas selladas por la Asociaci\u00f3n Nacional Defensa Personal Integral Investigaci\u00f3n y Desarrollo.<\/div>\n","protected":false},"excerpt":{"rendered":"<p>El curso propone un entrenamiento en los diferentes campos de trabajo defensivo operativo policial, d\u00f3nde se propondr\u00e1n RETOS con el objetivo de que el alumno sienta su realidad y una vez la conozca, desarrolle sus t\u00e9cnicas y t\u00e1cticas policiales para llevar a cabo una mejor intervenci\u00f3n. Teniendo en cuenta el nivel de riesgo que supone una mala Formaci\u00f3n Policial, no se instruir\u00e1 en nada que no se ajuste a la realidad policial, esto conlleva descartar una serie de t\u00e1cticas, t\u00e9cnicas, y movimientos obsoletos que no encajan con una formaci\u00f3n que plantea como primer objetivo sobrevivir, sabiendo que para Proteger al ciudadano lo primero es protegerse a s\u00ed mismo. &nbsp; Propuesta [&hellip;]<\/p>\n","protected":false},"author":1,"featured_media":0,"parent":71,"menu_order":0,"comment_status":"closed","ping_status":"closed","template":"","meta":{"_exactmetrics_skip_tracking":false,"_exactmetrics_sitenote_active":false,"_exactmetrics_sitenote_note":"","_exactmetrics_sitenote_category":0,"footnotes":""},"class_list":["post-86","page","type-page","status-publish","hentry"],"aioseo_notices":[],"_links":{"self":[{"href":"https:\/\/enricnavarro.es\/enric_navarro\/wp-json\/wp\/v2\/pages\/86","targetHints":{"allow":["GET"]}}],"collection":[{"href":"https:\/\/enricnavarro.es\/enric_navarro\/wp-json\/wp\/v2\/pages"}],"about":[{"href":"https:\/\/enricnavarro.es\/enric_navarro\/wp-json\/wp\/v2\/types\/page"}],"author":[{"embeddable":true,"href":"https:\/\/enricnavarro.es\/enric_navarro\/wp-json\/wp\/v2\/users\/1"}],"replies":[{"embeddable":true,"href":"https:\/\/enricnavarro.es\/enric_navarro\/wp-json\/wp\/v2\/comments?post=86"}],"version-history":[{"count":1,"href":"https:\/\/enricnavarro.es\/enric_navarro\/wp-json\/wp\/v2\/pages\/86\/revisions"}],"predecessor-version":[{"id":87,"href":"https:\/\/enricnavarro.es\/enric_navarro\/wp-json\/wp\/v2\/pages\/86\/revisions\/87"}],"up":[{"embeddable":true,"href":"https:\/\/enricnavarro.es\/enric_navarro\/wp-json\/wp\/v2\/pages\/71"}],"wp:attachment":[{"href":"https:\/\/enricnavarro.es\/enric_navarro\/wp-json\/wp\/v2\/media?parent=86"}],"curies":[{"name":"wp","href":"https:\/\/api.w.org\/{rel}","templated":true}]}}