{"id":238,"date":"2014-08-11T07:12:34","date_gmt":"2014-08-11T07:12:34","guid":{"rendered":"http:\/\/enricnavarro.es\/enric_navarro\/producto\/curso-defensa-personal-madrid\/"},"modified":"2014-08-17T09:37:26","modified_gmt":"2014-08-17T09:37:26","slug":"curso-defensa-personal-madrid","status":"publish","type":"product","link":"https:\/\/enricnavarro.es\/enric_navarro\/producto\/curso-defensa-personal-madrid\/","title":{"rendered":"Curso Defensa Personal Madrid"},"content":{"rendered":"<table style=\"width: 100%;\" cellspacing=\"50%\">\n<tbody>\n<tr>\n<td><a href=\"http:\/\/www.youtube.com\/embed\/5P8bwzg-RB0\" target=\"_blank\"><img fetchpriority=\"high\" decoding=\"async\" src=\"http:\/\/enricnavarro.es\/enric_navarro\/wp-content\/uploads\/2014\/08\/video.jpg\" alt=\"video\" width=\"640\" height=\"390\" class=\"aligncenter size-full wp-image-313\" srcset=\"https:\/\/enricnavarro.es\/enric_navarro\/wp-content\/uploads\/2014\/08\/video.jpg 640w, https:\/\/enricnavarro.es\/enric_navarro\/wp-content\/uploads\/2014\/08\/video-600x366.jpg 600w, https:\/\/enricnavarro.es\/enric_navarro\/wp-content\/uploads\/2014\/08\/video-300x182.jpg 300w\" sizes=\"(max-width: 640px) 100vw, 640px\" \/><\/a><\/td>\n<td>\n<p style=\"text-align: justify;\">M\u00e1s de 15.000 personas desde 2009 avalan la calidad de mis cursos. Tanto si eres experto en artes marciales, como si no has practicado ning\u00fan deporte en tu vida, te GARANTIZO que este curso merecer\u00e1 la pena.<\/p>\n<p style=\"text-align: justify;\" align=\"justify\">Este taller te\u00f3rico-pr\u00e1ctico de 4 horas pertenece a una colecci\u00f3n de 12 talleres inscritos en el registro Nacional de la Propiedad Intelectual como obra de caracter cient\u00edfico con el n\u00famero de asiento registral 16\/2014\/3961 y est\u00e1n avalados por la Asociaci\u00f3n Nacional Defensa Personal Integral I+D.<\/p>\n<p style=\"text-align: justify;\" align=\"justify\">A cada asistente <strong>se le entregar\u00e1 toda la documentaci\u00f3n<\/strong> escrita en su <strong>carpeta personal del alumno<\/strong>, as\u00ed como un <strong>certificado de asistencia con el n\u00famero de horas selladas<\/strong> por la citada asociaci\u00f3n registrada en el Ministerio de Interior de Gobierno de Espa\u00f1a con el n\u00famero: 601314.<\/p>\n<\/td>\n<\/tr>\n<tr>\n<td><\/td>\n<td style=\"width: 50%;\"><a href=\"http:\/\/enricnavarro.es\/enric_navarro\/wp-content\/uploads\/2014\/07\/Extreme-Madrid.jpg\" target=\"_blank\"><img decoding=\"async\" class=\"aligncenter size-medium wp-image-213\" src=\"http:\/\/enricnavarro.es\/enric_navarro\/wp-content\/uploads\/2014\/07\/Extreme-Madrid-212x300.jpg\" alt=\"curso defensa personal madrid\" width=\"212\" height=\"300\" \/><\/a><\/td>\n<\/tr>\n<tr>\n<td style=\"text-align: center;\"><a href=\"http:\/\/enricnavarro.es\/enric_navarro\/wp-content\/uploads\/2014\/08\/Contenidos.jpg\" target=\"_blank\"><img decoding=\"async\" class=\"aligncenter size-medium wp-image-249\" src=\"http:\/\/enricnavarro.es\/enric_navarro\/wp-content\/uploads\/2014\/08\/Contenidos-300x214.jpg\" alt=\"curso defensa personal madrid\" width=\"300\" height=\"214\" \/><\/a><\/td>\n<td>Este curso se realizar\u00e1 el 8 de Noviembre 2014 de 10 a 14h en: c\/ Camarena, 95. Madrid<\/p>\n<p>En las instalaciones del Gimnasio Extreme<\/td>\n<\/tr>\n<\/tbody>\n<\/table>\n<p>&nbsp;<\/p>\n","protected":false},"excerpt":{"rendered":"<p>M\u00e1s de 15.000 personas desde 2009 avalan la calidad de mis cursos. Tanto si eres experto en artes marciales, como si no has practicado ning\u00fan deporte en tu vida, te GARANTIZO que este curso merecer\u00e1 la pena. Este taller te\u00f3rico-pr\u00e1ctico de 4 horas pertenece a una colecci\u00f3n de 12 talleres inscritos en el registro Nacional de la Propiedad Intelectual como obra de caracter cient\u00edfico con el n\u00famero de asiento registral 16\/2014\/3961 y est\u00e1n avalados por la Asociaci\u00f3n Nacional Defensa Personal Integral I+D. A cada asistente se le entregar\u00e1 toda la documentaci\u00f3n escrita en su carpeta personal del alumno, as\u00ed como un certificado de asistencia con el n\u00famero de horas selladas [&hellip;]<\/p>\n","protected":false},"featured_media":280,"comment_status":"closed","ping_status":"closed","template":"","meta":[],"product_brand":[],"product_cat":[20],"product_tag":[],"class_list":{"0":"post-238","1":"product","2":"type-product","3":"status-publish","4":"has-post-thumbnail","6":"product_cat-curso-defensa-personal","8":"first","9":"instock","10":"downloadable","11":"shipping-taxable","12":"purchasable","13":"product-type-simple"},"_links":{"self":[{"href":"https:\/\/enricnavarro.es\/enric_navarro\/wp-json\/wp\/v2\/product\/238","targetHints":{"allow":["GET"]}}],"collection":[{"href":"https:\/\/enricnavarro.es\/enric_navarro\/wp-json\/wp\/v2\/product"}],"about":[{"href":"https:\/\/enricnavarro.es\/enric_navarro\/wp-json\/wp\/v2\/types\/product"}],"replies":[{"embeddable":true,"href":"https:\/\/enricnavarro.es\/enric_navarro\/wp-json\/wp\/v2\/comments?post=238"}],"wp:featuredmedia":[{"embeddable":true,"href":"https:\/\/enricnavarro.es\/enric_navarro\/wp-json\/wp\/v2\/media\/280"}],"wp:attachment":[{"href":"https:\/\/enricnavarro.es\/enric_navarro\/wp-json\/wp\/v2\/media?parent=238"}],"wp:term":[{"taxonomy":"product_brand","embeddable":true,"href":"https:\/\/enricnavarro.es\/enric_navarro\/wp-json\/wp\/v2\/product_brand?post=238"},{"taxonomy":"product_cat","embeddable":true,"href":"https:\/\/enricnavarro.es\/enric_navarro\/wp-json\/wp\/v2\/product_cat?post=238"},{"taxonomy":"product_tag","embeddable":true,"href":"https:\/\/enricnavarro.es\/enric_navarro\/wp-json\/wp\/v2\/product_tag?post=238"}],"curies":[{"name":"wp","href":"https:\/\/api.w.org\/{rel}","templated":true}]}}